{"id":3,"date":"2023-05-30T13:33:43","date_gmt":"2023-05-30T13:33:43","guid":{"rendered":"https:\/\/charter.mmkt.dev\/?page_id=3"},"modified":"2023-06-19T18:18:49","modified_gmt":"2023-06-19T16:18:49","slug":"politica-de-privacidad","status":"publish","type":"page","link":"https:\/\/charter.yachtpointbcn.com\/es\/politica-de-privacidad\/","title":{"rendered":"Pol\u00edtica de privacidad"},"content":{"rendered":"<style>.kb-row-layout-id_32a9fd-47 > .kt-row-column-wrap{align-content:start;}:where(.kb-row-layout-id_32a9fd-47 > .kt-row-column-wrap) > .wp-block-kadence-column{justify-content:start;}.kb-row-layout-id_32a9fd-47 > .kt-row-column-wrap{column-gap:var(--global-kb-gap-md, 2rem);row-gap:var(--global-kb-gap-md, 2rem);padding-top:var(--global-kb-spacing-sm, 1.5rem);padding-bottom:var(--global-kb-spacing-sm, 1.5rem);grid-template-columns:minmax(0, 1fr);}.kb-row-layout-id_32a9fd-47 > .kt-row-layout-overlay{opacity:0.30;}@media all and (max-width: 1024px){.kb-row-layout-id_32a9fd-47 > .kt-row-column-wrap{grid-template-columns:minmax(0, 1fr);}}@media all and (max-width: 767px){.kb-row-layout-id_32a9fd-47 > .kt-row-column-wrap{grid-template-columns:minmax(0, 1fr);}}<\/style><div class=\"kb-row-layout-wrap kb-row-layout-id_32a9fd-47 alignnone wp-block-kadence-rowlayout\"><div class=\"kt-row-column-wrap kt-has-1-columns kt-row-layout-equal kt-tab-layout-inherit kt-mobile-layout-row kt-row-valign-top\">\n<style>.kadence-column_d05dcc-e8 > .kt-inside-inner-col,.kadence-column_d05dcc-e8 > .kt-inside-inner-col:before{border-top-left-radius:0px;border-top-right-radius:0px;border-bottom-right-radius:0px;border-bottom-left-radius:0px;}.kadence-column_d05dcc-e8 > .kt-inside-inner-col{column-gap:var(--global-kb-gap-sm, 1rem);}.kadence-column_d05dcc-e8 > .kt-inside-inner-col{flex-direction:column;}.kadence-column_d05dcc-e8 > .kt-inside-inner-col > .aligncenter{width:100%;}.kadence-column_d05dcc-e8 > .kt-inside-inner-col:before{opacity:0.3;}.kadence-column_d05dcc-e8{position:relative;}@media all and (max-width: 1024px){.kadence-column_d05dcc-e8 > .kt-inside-inner-col{flex-direction:column;}}@media all and (max-width: 767px){.kadence-column_d05dcc-e8 > .kt-inside-inner-col{flex-direction:column;}}<\/style>\n<div class=\"wp-block-kadence-column kadence-column_d05dcc-e8\"><div class=\"kt-inside-inner-col\"><style>.wp-block-kadence-advancedheading.kt-adv-heading_34bf4b-98, .wp-block-kadence-advancedheading.kt-adv-heading_34bf4b-98[data-kb-block=\"kb-adv-heading_34bf4b-98\"]{font-size:var(--global-kb-font-size-lg, 2rem);font-style:normal;}.wp-block-kadence-advancedheading.kt-adv-heading_34bf4b-98 mark.kt-highlight, .wp-block-kadence-advancedheading.kt-adv-heading_34bf4b-98[data-kb-block=\"kb-adv-heading_34bf4b-98\"] mark.kt-highlight{font-style:normal;color:#f76a0c;padding-top:0px;padding-right:0px;padding-bottom:0px;padding-left:0px;}<\/style>\n<h2 class=\"kt-adv-heading_34bf4b-98 wp-block-kadence-advancedheading\" data-kb-block=\"kb-adv-heading_34bf4b-98\">AVISO LEGAL<\/h2>\n\n\n\n<p><strong>INFORMACI\u00d3N CORPORATIVA<\/strong><\/p>\n\n\n\n<p>En cumplimiento de la Ley 34\/2002, de 11 de julio, de servicios de la sociedad de la informaci\u00f3n y de comercio electr\u00f3nico,&nbsp;<strong>YACHTPOINT, S.L.<\/strong>&nbsp;le informa que es titular de los sitios web:&nbsp;<strong>,<\/strong>&nbsp;de acuerdo con la exigencia del art\u00edculo 10 de la mencionada Ley,&nbsp;<strong>YACHTPOINT, S.L.<\/strong><strong>,&nbsp;<\/strong>notifica los siguientes datos: el titular de esta p\u00e1gina web es&nbsp;<strong>YACHTPOINT, S.L.<\/strong>&nbsp;con NIF\/CIF:&nbsp;<strong>B64998750.&nbsp;<\/strong>Registro Mercantil de&nbsp;<strong>BARCELONA.<\/strong>Tomo:<strong>41070<\/strong>, Folio:<strong>216, S8<\/strong>, Hoja:&nbsp;<strong>B377934<\/strong>, y domicilio social:&nbsp;<strong>C\/ Balmes 251,<\/strong>&nbsp;C\u00f3digo Postal:&nbsp;<strong>08006.&nbsp;<\/strong>&nbsp;Localidad:&nbsp;<strong>BARCELONA<\/strong>. Provincia:&nbsp;<strong>BARCELONA<\/strong>.<\/p>\n\n\n\n<p>La direcci\u00f3n de correo electr\u00f3nico de contacto con la empresa es:&nbsp;<strong><u>info@yachtpointbcn.com<\/u><\/strong><\/p>\n\n\n\n<p><strong>USUARIO Y R\u00c9GIMEN DE RESPONSABILIDADES<\/strong><\/p>\n\n\n\n<p>La navegaci\u00f3n por acceso o uso de la p\u00e1gina web &nbsp;y todos los subdominios y directorios incluidos bajo la misma, as\u00ed como los servicios o contenidos que a trav\u00e9s de \u00e9l se puedan obtener y todos los portales de dominio propio bajo titularidad de&nbsp;<strong>YACHTPOINT, S.L.<\/strong>, otorga la Condici\u00f3n de&nbsp;<strong>Usuario<\/strong>, por la que se aceptan, al navegar por la p\u00e1gina&nbsp;<strong>YACHTPOINT, S.L.<\/strong>, todas las condiciones de uso que se establecen aqu\u00ed sin perjudicar la aplicaci\u00f3n de la correspondiente normativa de obligado cumplimiento legal seg\u00fan el caso.<\/p>\n\n\n\n<p>Por eso, si las consideraciones detalladas en este aviso legal no son de su conformidad, rogamos no haga uso del portal, ya que cualquier uso que haga del mismo o los servicios y contenidos en \u00e9l incluidos implicar\u00e1 la aceptaci\u00f3n de los t\u00e9rminos legales recogidos en este texto.<\/p>\n\n\n\n<p>La p\u00e1gina web de&nbsp;<strong>YACHTPOINT, S.L.<\/strong>&nbsp;proporciona gran diversidad de informaci\u00f3n, servicios y datos. El usuario asume su responsabilidad en el uso correcto de los sitios web. Esta responsabilidad se extender\u00e1 a: La veracidad y licitud de las informaciones aportadas por el usuario en los formularios emitidos por&nbsp;<strong>YACHTPOINT, S.L.<\/strong>&nbsp;para acceder a determinados contenidos o servicios ofrecidos por la web.<\/p>\n\n\n\n<p>El uso de la informaci\u00f3n, servicios y datos ofrecidos por&nbsp;<strong>YACHTPOINT, S.L.<\/strong>&nbsp;no ir\u00e1n contra las disposiciones de estas condiciones, la Ley, la moral, las buenas costumbres o el orden p\u00fablico o que, en otro caso, puedan suponer lesi\u00f3n de los derechos de terceros o del funcionamiento de los sitios web. A tal efecto, el Usuario se abstendr\u00e1 de utilizar cualquiera de los contenidos con fines o efectos il\u00edcitos, prohibidos en este texto, lesivos de los derechos e intereses de terceros, o que de cualquier forma puedan da\u00f1ar, inutilizar, sobrecargar, deteriorar o impedir la normal utilizaci\u00f3n de los contenidos, otros Usuarios o de cualquier usuario de Internet (hardware y software).<\/p>\n\n\n\n<p>Los usuarios responder\u00e1n de los da\u00f1os y perjuicios de toda naturaleza que la empresa propietaria de la web pueda sufrir, directa o indirectamente, como consecuencia de incumplimiento de cualquiera de las obligaciones derivadas del uso de la Web y de esta pol\u00edtica de privacidad.<\/p>\n\n\n\n<p>En particular, ya t\u00edtulo meramente indicativo y no exhaustivo, el Usuario se compromete a no transmitir, difundir o poner a disposici\u00f3n de terceros informaciones, datos, contenidos, mensajes, gr\u00e1ficos, dibujos, archivos de sonido y\/o imagen, fotograf\u00edas de la web.<\/p>\n\n\n<style>.wp-block-kadence-advancedheading.kt-adv-heading_15449b-bc, .wp-block-kadence-advancedheading.kt-adv-heading_15449b-bc[data-kb-block=\"kb-adv-heading_15449b-bc\"]{font-size:var(--global-kb-font-size-lg, 2rem);font-style:normal;}.wp-block-kadence-advancedheading.kt-adv-heading_15449b-bc mark.kt-highlight, .wp-block-kadence-advancedheading.kt-adv-heading_15449b-bc[data-kb-block=\"kb-adv-heading_15449b-bc\"] mark.kt-highlight{font-style:normal;color:#f76a0c;padding-top:0px;padding-right:0px;padding-bottom:0px;padding-left:0px;}<\/style>\n<h2 class=\"kt-adv-heading_15449b-bc wp-block-kadence-advancedheading\" data-kb-block=\"kb-adv-heading_15449b-bc\">POL\u00cdTICA DE PRIVACIDAD<\/h2>\n\n\n\n<p><strong>POL\u00cdTICA DE ENLACES Y EXENCIONES DE RESPONSABILIDAD<\/strong><\/p>\n\n\n\n<p><strong>YACHTPOINT, S.L.<\/strong>&nbsp;no se hace responsable del contenido de las p\u00e1ginas web a las que pueda acceder el usuario a trav\u00e9s de los enlaces establecidos en sus sitios web y declara que en ning\u00fan caso examinar\u00e1 ni ejercitar\u00e1 ning\u00fan tipo de control sobre el contenido de otras p\u00e1ginas de la red.<\/p>\n\n\n\n<p>Asimismo, tampoco garantiza la disponibilidad t\u00e9cnica, exactitud, veracidad, validez o legalidad de p\u00e1ginas ajenas a su propiedad a las que se pueda acceder a trav\u00e9s de los enlaces.<\/p>\n\n\n\n<p><strong>YACHTPOINT, S.L.<\/strong>&nbsp;declara que ha adoptado todas las medidas necesarias para evitar cualquier da\u00f1o que pueda derivarse de la navegaci\u00f3n por sus p\u00e1ginas web. En consecuencia,&nbsp;<strong>YACHTPOINT, S.L.<\/strong>&nbsp;no se hace responsable, en ning\u00fan caso, de los eventuales da\u00f1os que pueda sufrir el usuario a causa de la navegaci\u00f3n por Internet.<\/p>\n\n\n\n<p><strong>YACHTPOINT, S.L.<\/strong>&nbsp;no se responsabiliza de los da\u00f1os o perjuicios de cualquier tipo producidos en el Usuario que traigan causa de fallos o desconexiones en las redes de telecomunicaciones que produzcan la suspensi\u00f3n, cancelaci\u00f3n, instalaci\u00f3n o interrupci\u00f3n del servicio de la web durante la prestaci\u00f3n del mismo o con car\u00e1cter previo.<\/p>\n\n\n\n<p>El acceso a la web: &nbsp;no implica la obligaci\u00f3n por parte de la empresa de controlar la ausencia de virus o cualquier otro elemento inform\u00e1tico da\u00f1ino. Corresponde al Usuario, en todo caso, la disponibilidad de herramientas adecuadas para la detecci\u00f3n y desinfecci\u00f3n de programas inform\u00e1ticos da\u00f1inos.<\/p>\n\n\n\n<p><strong>YACHTPOINT, S.L.<\/strong>&nbsp;no se responsabiliza de los da\u00f1os producidos en los equipos inform\u00e1ticos, documentos y\/o ficheros de los Usuarios o de terceros durante la prestaci\u00f3n del servicio en el Portal.<\/p>\n\n\n\n<p><strong>PUBLICIDAD<\/strong><\/p>\n\n\n\n<p>La web: &nbsp;podr\u00e1 alojar contenidos publicitarios o patrocinados. Los anunciantes o patrocinadores son los \u00fanicos responsables de asegurarse que el material remitido para su inclusi\u00f3n en la web cumple con las leyes que en cada caso puedan ser de aplicaci\u00f3n.<\/p>\n\n\n\n<p><strong>YACHTPOINT, S.L.<\/strong>&nbsp;no ser\u00e1 responsable de cualquier error, inexactitud o irregularidad que puedan contener los contenidos publicitarios o de los patrocinadores.<\/p>\n\n\n\n<p><strong>MODIFICACIONES<\/strong><\/p>\n\n\n\n<p><strong>YACHTPOINT, S.L.<\/strong>&nbsp;se reserva el derecho a realizar las modificaciones que considere oportunas, sin aviso previo, en el contenido de sus sitios web, tanto en cuanto a los contenidos de los sitios web como por sus condiciones de uso o por las condiciones generales de contrataci\u00f3n. Dichas modificaciones podr\u00e1n realizarse, a trav\u00e9s de sus sitios web, de cualquier forma admisible en derecho y ser\u00e1n de obligado cumplimiento durante el tiempo que est\u00e9n publicadas en la web y hasta que no sean modificadas por otras posteriores.<\/p>\n\n\n\n<p><strong>RESERVA DE COOKIES<\/strong><\/p>\n\n\n\n<p><strong>YACHTPOINT, S.L.<\/strong>&nbsp;se reserva el derecho de utilizar cookies en la navegaci\u00f3n del usuario por sus sitios web para facilitar la personalizaci\u00f3n y comodidad de la navegaci\u00f3n. Siguiendo la pol\u00edtica de protecci\u00f3n de datos de la empresa,&nbsp;<strong>YACHTPOINT, S.L.<\/strong>&nbsp;informa que las cookies se asocian al usuario an\u00f3nimo ya su ordenador y no proporcionan por s\u00ed mismas ni el nombre ni los apellidos del usuario.<\/p>\n\n\n\n<p>El usuario tiene la posibilidad de configurar su navegador de manera que sea informado de la recepci\u00f3n de cookies, pudiendo, si as\u00ed lo desea, impedir que se &nbsp;instalen en su disco duro. Sin embargo, para acceder a los sitios web de&nbsp;<strong>YACHTPOINT, S.L.<\/strong>&nbsp;no es preceptiva la instalaci\u00f3n de cookies.<\/p>\n\n\n\n<p>El usuario se compromete a abstenerse de reproducir, copiar, distribuir, poner a disposici\u00f3n o de cualquier otra forma comunicar p\u00fablicamente, transformar o modificar los Contenidos, a menos que se cuente con la autorizaci\u00f3n del titular de los correspondientes derechos o ello resulte legalmente permitido.<\/p>\n\n\n\n<p><strong>PROTECCI\u00d3N DE DATOS PERSONAL<\/strong><\/p>\n\n\n\n<p>De conformidad con lo establecido por la Ley Org\u00e1nica 3\/2018 y&nbsp; el Reglamento General-UE-del Parlamento y Consejo de Europa de Protecci\u00f3n de Datos de Car\u00e1cter Personal, aprobado el 27 de abril de 2016<strong>,&nbsp;<\/strong><strong>YACHTPOINT, S.L.<\/strong>&nbsp;informa a los usuarios de sus websites de que estamos obligados a guardar secreto profesional sobre los datos personales recabados por la empresa mediante los formularios sitos en sus p\u00e1ginas, esta obligaci\u00f3n continuara incluso despu\u00e9s de haber finalizado nuestra relaci\u00f3n comercial o contractual, y en ning\u00fan caso podremos hacer p\u00fablicos los datos personales de los visitantes y clientes a la web sin su consentimiento.&nbsp;<strong>Los menores de 14 a\u00f1os no pueden prestar su consentimiento para que un comercio recoja y trate sus datos personales<\/strong>; solo sus representantes legales (padres o tutores) son quienes pueden hacerlo en su nombre. Aquellos comercios que necesiten tratar datos de menores de 14 a\u00f1os, deben disponer de los medios para obtener el consentimiento de sus padres o tutores, por ejemplo, mediante un mensaje de correo electr\u00f3nico dirigido a alguno de ellos que contenga un enlace a un formulario electr\u00f3nico. No se puede pedir a los menores de 14 a\u00f1os datos sobre el \u00e1mbito familiar, siendo la \u00fanica excepci\u00f3n los datos de identificaci\u00f3n y contacto de los padres o tutores.<\/p>\n\n\n\n<p>Estos datos, ser\u00e1n introducidos en un fichero automatizado bajo la responsabilidad del administrador de la web de,&nbsp;<strong>YACHTPOINT, S.L.<\/strong>&nbsp;con la finalidad de poder facilitar, agilizar y cumplir los compromisos establecidos entre ambas partes. Asimismo,&nbsp;<strong>YACHTPOINT, S.L.<\/strong>&nbsp;informa de la posibilidad de ejercer los derechos de&nbsp;<strong>acceso<\/strong>, que permite al usuario web, conocer que datos personales tiene el administrador de esta p\u00e1gina y en tal caso contestara en un plazo de 30 d\u00edas, siempre que conserve los datos,&nbsp;<strong>rectificaci\u00f3n<\/strong>, que permite corregir errores, modificar los datos que sean inexactos o incompletos y garantizar la certeza de la informaci\u00f3n,&nbsp;<strong>oposici\u00f3n<\/strong>&nbsp;que podr\u00e1 solicitar y conseguir que no lleve a cabo el tratamiento de datos,&nbsp;<strong>supresi\u00f3n<\/strong>&nbsp;que permite que se supriman los datos inadecuados o excesivos,&nbsp;<strong>limitaci\u00f3n,&nbsp;<\/strong>por el que puede solicitar que se limite el tratamiento de sus datos cuando haya ejercido su derecho a la rectificaci\u00f3n de sus datos personales,&nbsp; y&nbsp;<strong>portabilidad<\/strong>, para que el usuario pueda obtener una copia de los datos personales que haya facilitado en la web a fin de poder transmitirlos a otros servicios, estos derechos se podr\u00e1n ejercer por cualquier medio que deje constancia de su env\u00edo y de su recepci\u00f3n a la direcci\u00f3n:&nbsp;<strong>C\/ BALMES 251.&nbsp;<\/strong>C\u00f3digo Postal:&nbsp;<strong>08006<\/strong>. Localidad:&nbsp;<strong>BARCELONA<\/strong>. Provincia:&nbsp;<strong>BARCELONA<\/strong>. Correo electr\u00f3nico:&nbsp;info@yachtpointbcn.com<strong>,&nbsp;<\/strong>aportando fotocopia del DNI o documentaci\u00f3n alternativa que acredite su identidad.<\/p>\n\n\n\n<p>Mientras no nos comunique lo contrario, entenderemos que sus datos no han sido modificados, que usted se compromete a notificarnos cualquier variaci\u00f3n y que tenemos el consentimiento para utilizarlos a fin de poder fidelizar la relaci\u00f3n entre las partes.<\/p>\n\n\n\n<p>El env\u00edo de sus datos mediante el\/los formularios de nuestra web estar\u00e1 supeditado obligatoriamente a que haya le\u00eddo\/aceptado la Pol\u00edtica de Privacidad, mediante un check box obligatorio al pie del formulario.<\/p>\n\n\n\n<p>De acuerdo con lo establecido en la Ley 34\/2002, de Servicios de la Sociedad de la Informaci\u00f3n y el Comercio Electr\u00f3nico en su art\u00edculo 21, pedimos su consentimiento para poder realizar comunicaciones publicitarias que consideremos puedan ser de su inter\u00e9s, por correo electr\u00f3nico o por cualquier otro medio de comunicaci\u00f3n electr\u00f3nica equivalente, este consentimiento lo aceptar\u00e1 o negar\u00e1 con un check box obligatorio al pie del formulario.<\/p>\n\n\n\n<p><strong>PROPIEDAD INTELECTUAL<\/strong><\/p>\n\n\n\n<p>Los derechos de propiedad intelectual e industrial derivados de todos los textos, im\u00e1genes, as\u00ed como de los medios y formas de presentaci\u00f3n y montaje de sus p\u00e1ginas pertenecen, por s\u00ed mismos o como cesionaria, a&nbsp;<strong>YACHTPOINT, S.L..&nbsp;<\/strong>Ser\u00e1n, por tanto, obras protegidas con propiedad intelectual por el ordenamiento jur\u00eddico espa\u00f1ol y se les podr\u00e1 aplicar tanto la normativa espa\u00f1ola y comunitaria en este campo, como los tratados internacionales relativos a la materia y suscritos por Espa\u00f1a.<\/p>\n\n\n\n<p>Todos los derechos reservados. En cumplimiento de la Ley de la Propiedad Intelectual se proh\u00edbe expresamente la reproducci\u00f3n, distribuci\u00f3n, comunicaci\u00f3n p\u00fablica y utilizaci\u00f3n de la totalidad o parte de los contenidos de sus p\u00e1ginas web sin el consentimiento expl\u00edcito de&nbsp;<strong>YACHTPOINT, S.L..<\/strong><\/p>\n\n\n\n<p>As\u00ed mismo,&nbsp;<strong>YACHTPOINT, S.L.<\/strong>&nbsp;se reserva la facultad de presentar las acciones civiles o penales que considere oportunas por la utilizaci\u00f3n indebida de sus p\u00e1ginas web y contenidos o por el incumplimiento de estas condiciones.<\/p>\n\n\n\n<p><strong>SELLOS DE CONFIANZA<\/strong><\/p>\n\n\n\n<p>Los sellos de confianza son distintivos que se proporcionan a las tiendas online para demostrar su calidad y seguridad en la venta online.<\/p>\n\n\n\n<p>Para conseguir el sello, \u00e9stas son auditadas o evaluadas para comprobar que cumplen los criterios de seguridad en la compra y cumplimiento legal en materia de privacidad y protecci\u00f3n de datos de los consumidores.<\/p>\n\n\n\n<p>Las tiendas que disponen de un sello de confianza est\u00e1n adheridas a un c\u00f3digo de conducta y suelen ofrecer a los consumidores procedimientos alternativos de resoluci\u00f3n de conflictos sencillos, r\u00e1pidos y c\u00f3modos.<\/p>\n\n\n\n<p><strong>CERTIFICADOS DE CUMPLIMIENTO LSSI-CE Y PROTECCI\u00d3N DE DATOS<\/strong><\/p>\n\n\n\n<p>cumple con la normativa de Protecci\u00f3n de Datos vigente y con la&nbsp;<strong>LSSI-CE<\/strong>, y ha sido asesorada en estas normativas por&nbsp;<strong><a href=\"http:\/\/www.grupoqualia.net\/es\/inicio\">GRUPO QUALIA<\/a><\/strong><strong>,<\/strong>&nbsp;por lo que se le otorgan sendos certificados en formato de imagen digital para que pueda exponerlos en su sitio web.<\/p>\n\n\n\n<p><strong>ACCIONES LEGAL, LEGISLACI\u00d3N APLICABLE Y JURISDICCI\u00d3N<\/strong><\/p>\n\n\n\n<p>La relaci\u00f3n entre el usuario y&nbsp;<strong>YACHTPOINT, S.L.<\/strong>&nbsp;se regir\u00e1 por la normativa espa\u00f1ola vigente y ser\u00e1n competentes para decidir sobre cualquier controversia que pueda surgir entre el usuario y&nbsp;<strong>YACHTPOINT, S.L.<\/strong><strong>,&nbsp;<\/strong>los juzgados o tribunales de la localidad de&nbsp;<strong>TERRASSA<\/strong><strong>.<\/strong><\/p>\n<\/div><\/div>\n\n<\/div><\/div>","protected":false},"excerpt":{"rendered":"<p>AVISO LEGAL INFORMACI\u00d3N CORPORATIVA En cumplimiento de la Ley 34\/2002, de 11 de julio, de servicios de la sociedad de la informaci\u00f3n y de comercio electr\u00f3nico,&nbsp;YACHTPOINT, S.L.&nbsp;le informa que es titular de los sitios web:&nbsp;,&nbsp;de acuerdo con la exigencia del art\u00edculo 10 de la mencionada Ley,&nbsp;YACHTPOINT, S.L.,&nbsp;notifica los siguientes datos: el titular de esta p\u00e1gina&#8230;<\/p>\n","protected":false},"author":1,"featured_media":0,"parent":0,"menu_order":0,"comment_status":"closed","ping_status":"closed","template":"","meta":{"_acf_changed":false,"_seopress_robots_primary_cat":"","_seopress_titles_title":"","_seopress_titles_desc":"","_seopress_robots_index":"","_kad_blocks_custom_css":"","_kad_blocks_head_custom_js":"","_kad_blocks_body_custom_js":"","_kad_blocks_footer_custom_js":"","_kad_post_transparent":"","_kad_post_title":"","_kad_post_layout":"","_kad_post_sidebar_id":"","_kad_post_content_style":"","_kad_post_vertical_padding":"","_kad_post_feature":"","_kad_post_feature_position":"","_kad_post_header":false,"_kad_post_footer":false,"footnotes":""},"class_list":["post-3","page","type-page","status-publish","hentry"],"acf":[],"taxonomy_info":[],"featured_image_src_large":false,"author_info":{"display_name":"Yacht Point","author_link":"https:\/\/charter.yachtpointbcn.com\/es\/author\/jordi\/"},"comment_info":0,"_links":{"self":[{"href":"https:\/\/charter.yachtpointbcn.com\/es\/wp-json\/wp\/v2\/pages\/3"}],"collection":[{"href":"https:\/\/charter.yachtpointbcn.com\/es\/wp-json\/wp\/v2\/pages"}],"about":[{"href":"https:\/\/charter.yachtpointbcn.com\/es\/wp-json\/wp\/v2\/types\/page"}],"author":[{"embeddable":true,"href":"https:\/\/charter.yachtpointbcn.com\/es\/wp-json\/wp\/v2\/users\/1"}],"replies":[{"embeddable":true,"href":"https:\/\/charter.yachtpointbcn.com\/es\/wp-json\/wp\/v2\/comments?post=3"}],"version-history":[{"count":4,"href":"https:\/\/charter.yachtpointbcn.com\/es\/wp-json\/wp\/v2\/pages\/3\/revisions"}],"predecessor-version":[{"id":465,"href":"https:\/\/charter.yachtpointbcn.com\/es\/wp-json\/wp\/v2\/pages\/3\/revisions\/465"}],"wp:attachment":[{"href":"https:\/\/charter.yachtpointbcn.com\/es\/wp-json\/wp\/v2\/media?parent=3"}],"curies":[{"name":"wp","href":"https:\/\/api.w.org\/{rel}","templated":true}]}}