{"id":23,"date":"2023-05-30T13:43:49","date_gmt":"2023-05-30T13:43:49","guid":{"rendered":"https:\/\/charter.mmkt.dev\/?page_id=23"},"modified":"2023-10-18T12:59:19","modified_gmt":"2023-10-18T10:59:19","slug":"quienes-somos-escuela-nautica-barcelona","status":"publish","type":"page","link":"https:\/\/charter.yachtpointbcn.com\/es\/quienes-somos-escuela-nautica-barcelona\/","title":{"rendered":"Qui\u00e9nes somos"},"content":{"rendered":"<style>.kb-row-layout-id23_d9a32b-d4 > .kt-row-column-wrap{align-content:start;}:where(.kb-row-layout-id23_d9a32b-d4 > .kt-row-column-wrap) > .wp-block-kadence-column{justify-content:start;}.kb-row-layout-id23_d9a32b-d4 > .kt-row-column-wrap{column-gap:var(--global-kb-gap-md, 2rem);row-gap:var(--global-kb-gap-md, 2rem);padding-top:0px;padding-bottom:var(--global-kb-spacing-xl, 4rem);grid-template-columns:minmax(0, 1fr);}.kb-row-layout-id23_d9a32b-d4 > .kt-row-layout-overlay{opacity:0.30;}@media all and (max-width: 1024px){.kb-row-layout-id23_d9a32b-d4 > .kt-row-column-wrap{grid-template-columns:minmax(0, 1fr);}}@media all and (max-width: 767px){.kb-row-layout-id23_d9a32b-d4 > .kt-row-column-wrap{grid-template-columns:minmax(0, 1fr);}}<\/style><div class=\"kb-row-layout-wrap kb-row-layout-id23_d9a32b-d4 alignnone wp-block-kadence-rowlayout\"><div class=\"kt-row-column-wrap kt-has-1-columns kt-row-layout-equal kt-tab-layout-inherit kt-mobile-layout-row kt-row-valign-top\">\n<style>.kadence-column23_6f693c-ce > .kt-inside-inner-col,.kadence-column23_6f693c-ce > .kt-inside-inner-col:before{border-top-left-radius:0px;border-top-right-radius:0px;border-bottom-right-radius:0px;border-bottom-left-radius:0px;}.kadence-column23_6f693c-ce > .kt-inside-inner-col{column-gap:var(--global-kb-gap-sm, 1rem);}.kadence-column23_6f693c-ce > .kt-inside-inner-col{flex-direction:column;}.kadence-column23_6f693c-ce > .kt-inside-inner-col > .aligncenter{width:100%;}.kadence-column23_6f693c-ce > .kt-inside-inner-col:before{opacity:0.3;}.kadence-column23_6f693c-ce{position:relative;}@media all and (max-width: 1024px){.kadence-column23_6f693c-ce > .kt-inside-inner-col{flex-direction:column;}}@media all and (max-width: 767px){.kadence-column23_6f693c-ce > .kt-inside-inner-col{flex-direction:column;}}<\/style>\n<div class=\"wp-block-kadence-column kadence-column23_6f693c-ce\"><div class=\"kt-inside-inner-col\"><style>.kb-image23_9907eb-37 .kb-image-has-overlay:after{opacity:0.3;}<\/style>\n<figure class=\"wp-block-kadence-image kb-image23_9907eb-37 size-full images-horizontal\"><img loading=\"lazy\" decoding=\"async\" width=\"1920\" height=\"700\" src=\"https:\/\/charter.yachtpointbcn.com\/wp-content\/uploads\/2023\/05\/quienes-somos.jpg\" alt=\"\" class=\"kb-img wp-image-116\" srcset=\"https:\/\/charter.yachtpointbcn.com\/wp-content\/uploads\/2023\/05\/quienes-somos.jpg 1920w, https:\/\/charter.yachtpointbcn.com\/wp-content\/uploads\/2023\/05\/quienes-somos-300x109.jpg 300w, https:\/\/charter.yachtpointbcn.com\/wp-content\/uploads\/2023\/05\/quienes-somos-1024x373.jpg 1024w, https:\/\/charter.yachtpointbcn.com\/wp-content\/uploads\/2023\/05\/quienes-somos-768x280.jpg 768w, https:\/\/charter.yachtpointbcn.com\/wp-content\/uploads\/2023\/05\/quienes-somos-1536x560.jpg 1536w\" sizes=\"(max-width: 1920px) 100vw, 1920px\" \/><\/figure>\n\n\n<style>.kb-row-layout-id23_922c04-2c > .kt-row-column-wrap{align-content:start;}:where(.kb-row-layout-id23_922c04-2c > .kt-row-column-wrap) > .wp-block-kadence-column{justify-content:start;}.kb-row-layout-id23_922c04-2c > .kt-row-column-wrap{column-gap:var(--global-kb-gap-md, 2rem);row-gap:var(--global-kb-gap-md, 2rem);max-width:900px;margin-left:auto;margin-right:auto;padding-top:var(--global-kb-spacing-xs, 1rem);padding-bottom:0px;grid-template-columns:minmax(0, 1fr);}.kb-row-layout-id23_922c04-2c > .kt-row-layout-overlay{opacity:0.30;}@media all and (max-width: 1024px){.kb-row-layout-id23_922c04-2c > .kt-row-column-wrap{grid-template-columns:minmax(0, 1fr);}}@media all and (max-width: 767px){.kb-row-layout-id23_922c04-2c > .kt-row-column-wrap{grid-template-columns:minmax(0, 1fr);}}<\/style><div class=\"kb-row-layout-wrap kb-row-layout-id23_922c04-2c alignnone wp-block-kadence-rowlayout\"><div class=\"kt-row-column-wrap kt-has-1-columns kt-row-layout-equal kt-tab-layout-inherit kt-mobile-layout-row kt-row-valign-top\">\n<style>.kadence-column23_4e7ab6-f7 > .kt-inside-inner-col,.kadence-column23_4e7ab6-f7 > .kt-inside-inner-col:before{border-top-left-radius:0px;border-top-right-radius:0px;border-bottom-right-radius:0px;border-bottom-left-radius:0px;}.kadence-column23_4e7ab6-f7 > .kt-inside-inner-col{column-gap:var(--global-kb-gap-sm, 1rem);}.kadence-column23_4e7ab6-f7 > .kt-inside-inner-col{flex-direction:column;}.kadence-column23_4e7ab6-f7 > .kt-inside-inner-col > .aligncenter{width:100%;}.kadence-column23_4e7ab6-f7 > .kt-inside-inner-col:before{opacity:0.3;}.kadence-column23_4e7ab6-f7{position:relative;}@media all and (max-width: 1024px){.kadence-column23_4e7ab6-f7 > .kt-inside-inner-col{flex-direction:column;}}@media all and (max-width: 767px){.kadence-column23_4e7ab6-f7 > .kt-inside-inner-col{flex-direction:column;}}<\/style>\n<div class=\"wp-block-kadence-column kadence-column23_4e7ab6-f7\"><div class=\"kt-inside-inner-col\">\n<p class=\"has-text-align-center\">Ubicada en la calle Balmes, Yacht Point es una escuela n\u00e1utica en el centro de Barcelona.<\/p>\n\n\n\n<p class=\"has-text-align-center\">Gracias a nuestros <strong>m\u00e1s de 25 a\u00f1os de experiencia<\/strong>, nuestro m\u00e9todo educativo y tener a los mejores profesionales del sector, podremos garantizar que nuestros alumnos adquieran los conocimientos necesarios para cada titulaci\u00f3n n\u00e1utica de la mejor manera.<\/p>\n\n\n\n<p class=\"has-text-align-center\">Ofrecemos <strong>el mejor asesoramiento,<\/strong> guiando a cada alumno con el curso que mejor se adapta a sus necesidades. Somos la \u00fanica escuela homologada de cursos de recreo, profesionales y titulaciones RYA y por eso tenemos la mejor opci\u00f3n para ti.<\/p>\n\n\n\n<p class=\"has-text-align-center\">Impartimos clases te\u00f3ricas y pr\u00e1cticas para obtener titulaciones n\u00e1uticas oficiales para vela o motor.<\/p>\n\n\n\n<p class=\"has-text-align-center\">Y a parte de todo, nos dedicamos al ch\u00e1rter, <strong>el alquiler de embarcaciones mar\u00edtimas<\/strong>.<\/p>\n<\/div><\/div>\n\n<\/div><\/div><\/div><\/div>\n\n<\/div><\/div>","protected":false},"excerpt":{"rendered":"<p>Ubicada en la calle Balmes, Yacht Point es una escuela n\u00e1utica en el centro de Barcelona. Gracias a nuestros m\u00e1s de 25 a\u00f1os de experiencia, nuestro m\u00e9todo educativo y tener a los mejores profesionales del sector, podremos garantizar que nuestros alumnos adquieran los conocimientos necesarios para cada titulaci\u00f3n n\u00e1utica de la mejor manera. Ofrecemos el&#8230;<\/p>\n","protected":false},"author":1,"featured_media":0,"parent":0,"menu_order":0,"comment_status":"closed","ping_status":"closed","template":"","meta":{"_acf_changed":false,"_seopress_robots_primary_cat":"","_seopress_titles_title":"Escuelas N\u00e1uticas en Barcelona | Con\u00f3cenos \u2013 Charter Yacht Point","_seopress_titles_desc":"Somos tu escuela n\u00e1utica en Barcelona de confianza. \u00danete a nuestra comunidad y convi\u00e9rtete en un experto del mar. \u00a1Descubre m\u00e1s sobre nosotros!","_seopress_robots_index":"","_kad_blocks_custom_css":"","_kad_blocks_head_custom_js":"","_kad_blocks_body_custom_js":"","_kad_blocks_footer_custom_js":"","_kad_post_transparent":"","_kad_post_title":"","_kad_post_layout":"","_kad_post_sidebar_id":"","_kad_post_content_style":"","_kad_post_vertical_padding":"","_kad_post_feature":"","_kad_post_feature_position":"","_kad_post_header":false,"_kad_post_footer":false,"footnotes":""},"class_list":["post-23","page","type-page","status-publish","hentry"],"acf":[],"taxonomy_info":[],"featured_image_src_large":false,"author_info":{"display_name":"Yacht Point","author_link":"https:\/\/charter.yachtpointbcn.com\/es\/author\/jordi\/"},"comment_info":0,"_links":{"self":[{"href":"https:\/\/charter.yachtpointbcn.com\/es\/wp-json\/wp\/v2\/pages\/23"}],"collection":[{"href":"https:\/\/charter.yachtpointbcn.com\/es\/wp-json\/wp\/v2\/pages"}],"about":[{"href":"https:\/\/charter.yachtpointbcn.com\/es\/wp-json\/wp\/v2\/types\/page"}],"author":[{"embeddable":true,"href":"https:\/\/charter.yachtpointbcn.com\/es\/wp-json\/wp\/v2\/users\/1"}],"replies":[{"embeddable":true,"href":"https:\/\/charter.yachtpointbcn.com\/es\/wp-json\/wp\/v2\/comments?post=23"}],"version-history":[{"count":8,"href":"https:\/\/charter.yachtpointbcn.com\/es\/wp-json\/wp\/v2\/pages\/23\/revisions"}],"predecessor-version":[{"id":1289,"href":"https:\/\/charter.yachtpointbcn.com\/es\/wp-json\/wp\/v2\/pages\/23\/revisions\/1289"}],"wp:attachment":[{"href":"https:\/\/charter.yachtpointbcn.com\/es\/wp-json\/wp\/v2\/media?parent=23"}],"curies":[{"name":"wp","href":"https:\/\/api.w.org\/{rel}","templated":true}]}}