{"id":19,"date":"2023-05-30T13:43:29","date_gmt":"2023-05-30T13:43:29","guid":{"rendered":"https:\/\/charter.mmkt.dev\/?page_id=19"},"modified":"2023-08-30T11:29:47","modified_gmt":"2023-08-30T09:29:47","slug":"otros-servicios-gestoria-nautica","status":"publish","type":"page","link":"https:\/\/charter.yachtpointbcn.com\/es\/otros-servicios-gestoria-nautica\/","title":{"rendered":"Otros servicios"},"content":{"rendered":"<style>.kb-row-layout-id19_0582fa-66 > .kt-row-column-wrap{align-content:start;}:where(.kb-row-layout-id19_0582fa-66 > .kt-row-column-wrap) > .wp-block-kadence-column{justify-content:start;}.kb-row-layout-id19_0582fa-66 > .kt-row-column-wrap{column-gap:var(--global-kb-gap-md, 2rem);row-gap:var(--global-kb-gap-md, 2rem);padding-top:0px;padding-bottom:var(--global-kb-spacing-xl, 4rem);grid-template-columns:minmax(0, 1fr);}.kb-row-layout-id19_0582fa-66 > .kt-row-layout-overlay{opacity:0.30;}@media all and (max-width: 1024px){.kb-row-layout-id19_0582fa-66 > .kt-row-column-wrap{grid-template-columns:minmax(0, 1fr);}}@media all and (max-width: 767px){.kb-row-layout-id19_0582fa-66 > .kt-row-column-wrap{grid-template-columns:minmax(0, 1fr);}}<\/style><div class=\"kb-row-layout-wrap kb-row-layout-id19_0582fa-66 alignnone wp-block-kadence-rowlayout\" id=\"asesoria\"><div class=\"kt-row-column-wrap kt-has-1-columns kt-row-layout-equal kt-tab-layout-inherit kt-mobile-layout-row kt-row-valign-top\">\n<style>.kadence-column19_9c8418-a9 > .kt-inside-inner-col,.kadence-column19_9c8418-a9 > .kt-inside-inner-col:before{border-top-left-radius:0px;border-top-right-radius:0px;border-bottom-right-radius:0px;border-bottom-left-radius:0px;}.kadence-column19_9c8418-a9 > .kt-inside-inner-col{column-gap:var(--global-kb-gap-sm, 1rem);}.kadence-column19_9c8418-a9 > .kt-inside-inner-col{flex-direction:column;}.kadence-column19_9c8418-a9 > .kt-inside-inner-col > .aligncenter{width:100%;}.kadence-column19_9c8418-a9 > .kt-inside-inner-col:before{opacity:0.3;}.kadence-column19_9c8418-a9{position:relative;}@media all and (max-width: 1024px){.kadence-column19_9c8418-a9 > .kt-inside-inner-col{flex-direction:column;}}@media all and (max-width: 767px){.kadence-column19_9c8418-a9 > .kt-inside-inner-col{flex-direction:column;}}<\/style>\n<div class=\"wp-block-kadence-column kadence-column19_9c8418-a9\"><div class=\"kt-inside-inner-col\"><style>.kb-image19_ae4c61-e6 .kb-image-has-overlay:after{opacity:0.3;}<\/style>\n<figure class=\"wp-block-kadence-image kb-image19_ae4c61-e6 size-full images-horizontal\"><img loading=\"lazy\" decoding=\"async\" width=\"1920\" height=\"700\" src=\"https:\/\/charter.yachtpointbcn.com\/wp-content\/uploads\/2023\/05\/asesoria-y-gestiora-nautica.jpg\" alt=\"\" class=\"kb-img wp-image-107\" srcset=\"https:\/\/charter.yachtpointbcn.com\/wp-content\/uploads\/2023\/05\/asesoria-y-gestiora-nautica.jpg 1920w, https:\/\/charter.yachtpointbcn.com\/wp-content\/uploads\/2023\/05\/asesoria-y-gestiora-nautica-300x109.jpg 300w, https:\/\/charter.yachtpointbcn.com\/wp-content\/uploads\/2023\/05\/asesoria-y-gestiora-nautica-1024x373.jpg 1024w, https:\/\/charter.yachtpointbcn.com\/wp-content\/uploads\/2023\/05\/asesoria-y-gestiora-nautica-768x280.jpg 768w, https:\/\/charter.yachtpointbcn.com\/wp-content\/uploads\/2023\/05\/asesoria-y-gestiora-nautica-1536x560.jpg 1536w\" sizes=\"(max-width: 1920px) 100vw, 1920px\" \/><\/figure>\n\n\n<style>.kb-row-layout-id19_a47b9a-b4 > .kt-row-column-wrap{align-content:start;}:where(.kb-row-layout-id19_a47b9a-b4 > .kt-row-column-wrap) > .wp-block-kadence-column{justify-content:start;}.kb-row-layout-id19_a47b9a-b4 > .kt-row-column-wrap{column-gap:var(--global-kb-gap-md, 2rem);row-gap:var(--global-kb-gap-md, 2rem);max-width:900px;margin-left:auto;margin-right:auto;padding-top:0px;padding-bottom:0px;grid-template-columns:minmax(0, 1fr);}.kb-row-layout-id19_a47b9a-b4 > .kt-row-layout-overlay{opacity:0.30;}@media all and (max-width: 1024px){.kb-row-layout-id19_a47b9a-b4 > .kt-row-column-wrap{grid-template-columns:minmax(0, 1fr);}}@media all and (max-width: 767px){.kb-row-layout-id19_a47b9a-b4 > .kt-row-column-wrap{grid-template-columns:minmax(0, 1fr);}}<\/style><div class=\"kb-row-layout-wrap kb-row-layout-id19_a47b9a-b4 alignnone wp-block-kadence-rowlayout\"><div class=\"kt-row-column-wrap kt-has-1-columns kt-row-layout-equal kt-tab-layout-inherit kt-mobile-layout-row kt-row-valign-top\">\n<style>.kadence-column19_a4b1b2-1b > .kt-inside-inner-col,.kadence-column19_a4b1b2-1b > .kt-inside-inner-col:before{border-top-left-radius:0px;border-top-right-radius:0px;border-bottom-right-radius:0px;border-bottom-left-radius:0px;}.kadence-column19_a4b1b2-1b > .kt-inside-inner-col{column-gap:var(--global-kb-gap-sm, 1rem);}.kadence-column19_a4b1b2-1b > .kt-inside-inner-col{flex-direction:column;}.kadence-column19_a4b1b2-1b > .kt-inside-inner-col > .aligncenter{width:100%;}.kadence-column19_a4b1b2-1b > .kt-inside-inner-col:before{opacity:0.3;}.kadence-column19_a4b1b2-1b{position:relative;}@media all and (max-width: 1024px){.kadence-column19_a4b1b2-1b > .kt-inside-inner-col{flex-direction:column;}}@media all and (max-width: 767px){.kadence-column19_a4b1b2-1b > .kt-inside-inner-col{flex-direction:column;}}<\/style>\n<div class=\"wp-block-kadence-column kadence-column19_a4b1b2-1b\"><div class=\"kt-inside-inner-col\"><style>.wp-block-kadence-advancedheading.kt-adv-heading19_a4a4c4-38, .wp-block-kadence-advancedheading.kt-adv-heading19_a4a4c4-38[data-kb-block=\"kb-adv-heading19_a4a4c4-38\"]{margin-top:var(--global-kb-spacing-md, 2rem);margin-bottom:var(--global-kb-spacing-md, 2rem);font-style:normal;}.wp-block-kadence-advancedheading.kt-adv-heading19_a4a4c4-38 mark.kt-highlight, .wp-block-kadence-advancedheading.kt-adv-heading19_a4a4c4-38[data-kb-block=\"kb-adv-heading19_a4a4c4-38\"] mark.kt-highlight{font-style:normal;color:#f76a0c;padding-top:0px;padding-right:0px;padding-bottom:0px;padding-left:0px;}<\/style>\n<h2 class=\"kt-adv-heading19_a4a4c4-38 wp-block-kadence-advancedheading\" data-kb-block=\"kb-adv-heading19_a4a4c4-38\">ASESOR\u00cdA Y GESTOR\u00cdA N\u00c1UTICA<\/h2>\n\n\n\n<p>Tambi\u00e9n somos Asesor\u00eda N\u00e1utica y Gestor\u00eda N\u00e1utica. En la escuela n\u00e1utica Yacht Point te ayudaremos a realizar todos los tr\u00e1mites n\u00e1uticos que necesites en las diferentes administraciones p\u00fablicas.<\/p>\n\n\n\n<ul class=\"wp-block-list\">\n<li>Matriculaci\u00f3n de embarcaciones deportivas lista 7\u00aa y 6\u00aa.<\/li>\n\n\n\n<li>Cambios de dominio y denominaci\u00f3n.<\/li>\n\n\n\n<li>Gesti\u00f3n de inspecciones para la renovaci\u00f3n de certificados.<\/li>\n\n\n\n<li>Expedici\u00f3n para la obtenci\u00f3n \/ renovaci\u00f3n de titulaciones n\u00e1utico deportivas y profesionales.<\/li>\n\n\n\n<li>Abanderamiento.<\/li>\n\n\n\n<li>Seguros<\/li>\n<\/ul>\n\n\n<style>.wp-block-kadence-advancedheading.kt-adv-heading19_17bf60-e5, .wp-block-kadence-advancedheading.kt-adv-heading19_17bf60-e5[data-kb-block=\"kb-adv-heading19_17bf60-e5\"]{font-style:normal;}.wp-block-kadence-advancedheading.kt-adv-heading19_17bf60-e5 mark.kt-highlight, .wp-block-kadence-advancedheading.kt-adv-heading19_17bf60-e5[data-kb-block=\"kb-adv-heading19_17bf60-e5\"] mark.kt-highlight{font-style:normal;color:#f76a0c;padding-top:0px;padding-right:0px;padding-bottom:0px;padding-left:0px;}<\/style>\n<h3 class=\"kt-adv-heading19_17bf60-e5 wp-block-kadence-advancedheading\" data-kb-block=\"kb-adv-heading19_17bf60-e5\">Avituallamiento a grandes esloras<\/h3>\n\n\n\n<p>Solicita informaci\u00f3n enviando un e-mail a <a href=\"mailto:info@yachtpointbcn.com\">info@yachtpointbcn.com<\/a> o llamando a (+34) 938 288 753 y estudiaremos detenidamente tu documentaci\u00f3n.<\/p>\n<\/div><\/div>\n\n<\/div><\/div><\/div><\/div>\n\n<\/div><\/div>\n\n<style>.kb-row-layout-id19_0e3087-eb > .kt-row-column-wrap{align-content:start;}:where(.kb-row-layout-id19_0e3087-eb > .kt-row-column-wrap) > .wp-block-kadence-column{justify-content:start;}.kb-row-layout-id19_0e3087-eb > .kt-row-column-wrap{column-gap:var(--global-kb-gap-md, 2rem);row-gap:var(--global-kb-gap-md, 2rem);padding-top:var(--global-kb-spacing-xl, 4rem);padding-bottom:var(--global-kb-spacing-xl, 4rem);grid-template-columns:minmax(0, 1fr);}.kb-row-layout-id19_0e3087-eb{border-top:1px solid var(--global-palette1, #3182CE);}.kb-row-layout-id19_0e3087-eb > .kt-row-layout-overlay{opacity:0.30;}@media all and (max-width: 1024px){.kb-row-layout-id19_0e3087-eb > .kt-row-column-wrap{grid-template-columns:minmax(0, 1fr);}}@media all and (max-width: 1024px){.kb-row-layout-id19_0e3087-eb{border-top:1px solid var(--global-palette1, #3182CE);}}@media all and (max-width: 767px){.kb-row-layout-id19_0e3087-eb > .kt-row-column-wrap{grid-template-columns:minmax(0, 1fr);}.kb-row-layout-id19_0e3087-eb{border-top:1px solid var(--global-palette1, #3182CE);}}<\/style><div class=\"kb-row-layout-wrap kb-row-layout-id19_0e3087-eb alignnone wp-block-kadence-rowlayout\" id=\"libreria\"><div class=\"kt-row-column-wrap kt-has-1-columns kt-row-layout-equal kt-tab-layout-inherit kt-mobile-layout-row kt-row-valign-top\">\n<style>.kadence-column19_6cf9da-16 > .kt-inside-inner-col,.kadence-column19_6cf9da-16 > .kt-inside-inner-col:before{border-top-left-radius:0px;border-top-right-radius:0px;border-bottom-right-radius:0px;border-bottom-left-radius:0px;}.kadence-column19_6cf9da-16 > .kt-inside-inner-col{column-gap:var(--global-kb-gap-sm, 1rem);}.kadence-column19_6cf9da-16 > .kt-inside-inner-col{flex-direction:column;}.kadence-column19_6cf9da-16 > .kt-inside-inner-col > .aligncenter{width:100%;}.kadence-column19_6cf9da-16 > .kt-inside-inner-col:before{opacity:0.3;}.kadence-column19_6cf9da-16{position:relative;}@media all and (max-width: 1024px){.kadence-column19_6cf9da-16 > .kt-inside-inner-col{flex-direction:column;}}@media all and (max-width: 767px){.kadence-column19_6cf9da-16 > .kt-inside-inner-col{flex-direction:column;}}<\/style>\n<div class=\"wp-block-kadence-column kadence-column19_6cf9da-16\"><div class=\"kt-inside-inner-col\"><style>.kb-image19_b1fa9a-58 .kb-image-has-overlay:after{opacity:0.3;}<\/style>\n<figure class=\"wp-block-kadence-image kb-image19_b1fa9a-58 size-full images-horizontal\"><img loading=\"lazy\" decoding=\"async\" width=\"1920\" height=\"700\" src=\"https:\/\/charter.yachtpointbcn.com\/wp-content\/uploads\/2023\/05\/libreria-nautica.jpg\" alt=\"\" class=\"kb-img wp-image-114\" srcset=\"https:\/\/charter.yachtpointbcn.com\/wp-content\/uploads\/2023\/05\/libreria-nautica.jpg 1920w, https:\/\/charter.yachtpointbcn.com\/wp-content\/uploads\/2023\/05\/libreria-nautica-300x109.jpg 300w, https:\/\/charter.yachtpointbcn.com\/wp-content\/uploads\/2023\/05\/libreria-nautica-1024x373.jpg 1024w, https:\/\/charter.yachtpointbcn.com\/wp-content\/uploads\/2023\/05\/libreria-nautica-768x280.jpg 768w, https:\/\/charter.yachtpointbcn.com\/wp-content\/uploads\/2023\/05\/libreria-nautica-1536x560.jpg 1536w\" sizes=\"(max-width: 1920px) 100vw, 1920px\" \/><\/figure>\n\n\n<style>.kb-row-layout-id19_d8af60-b2 > .kt-row-column-wrap{align-content:start;}:where(.kb-row-layout-id19_d8af60-b2 > .kt-row-column-wrap) > .wp-block-kadence-column{justify-content:start;}.kb-row-layout-id19_d8af60-b2 > .kt-row-column-wrap{column-gap:var(--global-kb-gap-md, 2rem);row-gap:var(--global-kb-gap-md, 2rem);max-width:900px;margin-left:auto;margin-right:auto;padding-top:0px;padding-bottom:0px;grid-template-columns:minmax(0, 1fr);}.kb-row-layout-id19_d8af60-b2 > .kt-row-layout-overlay{opacity:0.30;}@media all and (max-width: 1024px){.kb-row-layout-id19_d8af60-b2 > .kt-row-column-wrap{grid-template-columns:minmax(0, 1fr);}}@media all and (max-width: 767px){.kb-row-layout-id19_d8af60-b2 > .kt-row-column-wrap{grid-template-columns:minmax(0, 1fr);}}<\/style><div class=\"kb-row-layout-wrap kb-row-layout-id19_d8af60-b2 alignnone wp-block-kadence-rowlayout\"><div class=\"kt-row-column-wrap kt-has-1-columns kt-row-layout-equal kt-tab-layout-inherit kt-mobile-layout-row kt-row-valign-top\">\n<style>.kadence-column19_31dbb7-89 > .kt-inside-inner-col,.kadence-column19_31dbb7-89 > .kt-inside-inner-col:before{border-top-left-radius:0px;border-top-right-radius:0px;border-bottom-right-radius:0px;border-bottom-left-radius:0px;}.kadence-column19_31dbb7-89 > .kt-inside-inner-col{column-gap:var(--global-kb-gap-sm, 1rem);}.kadence-column19_31dbb7-89 > .kt-inside-inner-col{flex-direction:column;}.kadence-column19_31dbb7-89 > .kt-inside-inner-col > .aligncenter{width:100%;}.kadence-column19_31dbb7-89 > .kt-inside-inner-col:before{opacity:0.3;}.kadence-column19_31dbb7-89{position:relative;}@media all and (max-width: 1024px){.kadence-column19_31dbb7-89 > .kt-inside-inner-col{flex-direction:column;}}@media all and (max-width: 767px){.kadence-column19_31dbb7-89 > .kt-inside-inner-col{flex-direction:column;}}<\/style>\n<div class=\"wp-block-kadence-column kadence-column19_31dbb7-89\"><div class=\"kt-inside-inner-col\"><style>.wp-block-kadence-advancedheading.kt-adv-heading19_771675-07, .wp-block-kadence-advancedheading.kt-adv-heading19_771675-07[data-kb-block=\"kb-adv-heading19_771675-07\"]{margin-top:var(--global-kb-spacing-md, 2rem);margin-bottom:var(--global-kb-spacing-xs, 1rem);font-style:normal;}.wp-block-kadence-advancedheading.kt-adv-heading19_771675-07 mark.kt-highlight, .wp-block-kadence-advancedheading.kt-adv-heading19_771675-07[data-kb-block=\"kb-adv-heading19_771675-07\"] mark.kt-highlight{font-style:normal;color:#f76a0c;padding-top:0px;padding-right:0px;padding-bottom:0px;padding-left:0px;}<\/style>\n<h2 class=\"kt-adv-heading19_771675-07 wp-block-kadence-advancedheading\" data-kb-block=\"kb-adv-heading19_771675-07\">LIBRER\u00cdA NAUTICA<\/h2>\n\n\n\n<p>Tendr\u00e1s a tu disposici\u00f3n gracias a La Escuela N\u00e1utica Yacht Point una amplia selecci\u00f3n de libros t\u00e9cnicos de todos los niveles, as\u00ed como cartas n\u00e1uticas, gu\u00edas n\u00e1uticas y literatura mar\u00edtima. Inf\u00f3rmate en nuestra escuela sobre la diferente variedad libros y precios.<\/p>\n<\/div><\/div>\n\n<\/div><\/div><\/div><\/div>\n\n<\/div><\/div>","protected":false},"excerpt":{"rendered":"<p>ASESOR\u00cdA Y GESTOR\u00cdA N\u00c1UTICA Tambi\u00e9n somos Asesor\u00eda N\u00e1utica y Gestor\u00eda N\u00e1utica. En la escuela n\u00e1utica Yacht Point te ayudaremos a realizar todos los tr\u00e1mites n\u00e1uticos que necesites en las diferentes administraciones p\u00fablicas. Avituallamiento a grandes esloras Solicita informaci\u00f3n enviando un e-mail a info@yachtpointbcn.com o llamando a (+34) 938 288 753 y estudiaremos detenidamente tu documentaci\u00f3n&#8230;.<\/p>\n","protected":false},"author":1,"featured_media":0,"parent":0,"menu_order":0,"comment_status":"closed","ping_status":"closed","template":"","meta":{"_acf_changed":false,"_seopress_robots_primary_cat":"","_seopress_titles_title":"Tu librer\u00eda y gestor\u00eda n\u00e1utica de confianza \u2013 Charter Yacht Point","_seopress_titles_desc":"Navega sin preocupaciones con nuestros servicios de gestor\u00eda n\u00e1utica. Cuidamos los detalles para que t\u00fa solo te enfoques en disfrutar. \u00a1Contacta hoy!","_seopress_robots_index":"","_kad_blocks_custom_css":"","_kad_blocks_head_custom_js":"","_kad_blocks_body_custom_js":"","_kad_blocks_footer_custom_js":"","_kad_post_transparent":"","_kad_post_title":"","_kad_post_layout":"","_kad_post_sidebar_id":"","_kad_post_content_style":"","_kad_post_vertical_padding":"","_kad_post_feature":"","_kad_post_feature_position":"","_kad_post_header":false,"_kad_post_footer":false,"footnotes":""},"class_list":["post-19","page","type-page","status-publish","hentry"],"acf":[],"taxonomy_info":[],"featured_image_src_large":false,"author_info":{"display_name":"Yacht Point","author_link":"https:\/\/charter.yachtpointbcn.com\/es\/author\/jordi\/"},"comment_info":0,"_links":{"self":[{"href":"https:\/\/charter.yachtpointbcn.com\/es\/wp-json\/wp\/v2\/pages\/19"}],"collection":[{"href":"https:\/\/charter.yachtpointbcn.com\/es\/wp-json\/wp\/v2\/pages"}],"about":[{"href":"https:\/\/charter.yachtpointbcn.com\/es\/wp-json\/wp\/v2\/types\/page"}],"author":[{"embeddable":true,"href":"https:\/\/charter.yachtpointbcn.com\/es\/wp-json\/wp\/v2\/users\/1"}],"replies":[{"embeddable":true,"href":"https:\/\/charter.yachtpointbcn.com\/es\/wp-json\/wp\/v2\/comments?post=19"}],"version-history":[{"count":16,"href":"https:\/\/charter.yachtpointbcn.com\/es\/wp-json\/wp\/v2\/pages\/19\/revisions"}],"predecessor-version":[{"id":1117,"href":"https:\/\/charter.yachtpointbcn.com\/es\/wp-json\/wp\/v2\/pages\/19\/revisions\/1117"}],"wp:attachment":[{"href":"https:\/\/charter.yachtpointbcn.com\/es\/wp-json\/wp\/v2\/media?parent=19"}],"curies":[{"name":"wp","href":"https:\/\/api.w.org\/{rel}","templated":true}]}}