{"id":968,"date":"2023-06-19T18:19:40","date_gmt":"2023-06-19T16:19:40","guid":{"rendered":"https:\/\/charter.mmkt.dev\/?page_id=968"},"modified":"2023-08-29T13:16:44","modified_gmt":"2023-08-29T11:16:44","slug":"accessibility","status":"publish","type":"page","link":"https:\/\/charter.yachtpointbcn.com\/en\/accessibility\/","title":{"rendered":"Accessibility"},"content":{"rendered":"<style>.kb-row-layout-id968_fee945-14 > .kt-row-column-wrap{align-content:start;}:where(.kb-row-layout-id968_fee945-14 > .kt-row-column-wrap) > .wp-block-kadence-column{justify-content:start;}.kb-row-layout-id968_fee945-14 > .kt-row-column-wrap{column-gap:var(--global-kb-gap-md, 2rem);row-gap:var(--global-kb-gap-md, 2rem);max-width:var( --global-content-width, 1290px );padding-left:var(--global-content-edge-padding);padding-right:var(--global-content-edge-padding);padding-top:var(--global-kb-spacing-xl, 4rem);padding-bottom:var(--global-kb-spacing-xl, 4rem);grid-template-columns:minmax(0, 1fr);}.kb-row-layout-id968_fee945-14 > .kt-row-layout-overlay{opacity:0.30;}@media all and (max-width: 1024px){.kb-row-layout-id968_fee945-14 > .kt-row-column-wrap{grid-template-columns:minmax(0, 1fr);}}@media all and (max-width: 767px){.kb-row-layout-id968_fee945-14 > .kt-row-column-wrap{grid-template-columns:minmax(0, 1fr);}}<\/style><div class=\"kb-row-layout-wrap kb-row-layout-id968_fee945-14 alignfull wp-block-kadence-rowlayout\"><div class=\"kt-row-column-wrap kt-has-1-columns kt-row-layout-equal kt-tab-layout-inherit kt-mobile-layout-row kt-row-valign-top kb-theme-content-width\">\n<style>.kadence-column968_1f8d80-e4 > .kt-inside-inner-col,.kadence-column968_1f8d80-e4 > .kt-inside-inner-col:before{border-top-left-radius:0px;border-top-right-radius:0px;border-bottom-right-radius:0px;border-bottom-left-radius:0px;}.kadence-column968_1f8d80-e4 > .kt-inside-inner-col{column-gap:var(--global-kb-gap-sm, 1rem);}.kadence-column968_1f8d80-e4 > .kt-inside-inner-col{flex-direction:column;}.kadence-column968_1f8d80-e4 > .kt-inside-inner-col > .aligncenter{width:100%;}.kadence-column968_1f8d80-e4 > .kt-inside-inner-col:before{opacity:0.3;}.kadence-column968_1f8d80-e4{position:relative;}@media all and (max-width: 1024px){.kadence-column968_1f8d80-e4 > .kt-inside-inner-col{flex-direction:column;}}@media all and (max-width: 767px){.kadence-column968_1f8d80-e4 > .kt-inside-inner-col{flex-direction:column;}}<\/style>\n<div class=\"wp-block-kadence-column kadence-column968_1f8d80-e4\"><div class=\"kt-inside-inner-col\">\n<p>La declaraci\u00f3n de accesibilidad es el apartado de un sitio web donde se indica el nivel de accesibilidad del mismo e informaci\u00f3n adicional al respecto.<br>La presente declaraci\u00f3n de accesibilidad se aplica al sitio web <a href=\"https:\/\/charter.yachtpointbcn.com\/en\/\">https:\/\/charter.yachtpointbcn.com\/<\/a>:<\/p>\n\n\n<style>.wp-block-kadence-advancedheading.kt-adv-heading968_58f4e4-2c, .wp-block-kadence-advancedheading.kt-adv-heading968_58f4e4-2c[data-kb-block=\"kb-adv-heading968_58f4e4-2c\"]{font-size:var(--global-kb-font-size-lg, 2rem);font-style:normal;}.wp-block-kadence-advancedheading.kt-adv-heading968_58f4e4-2c mark.kt-highlight, .wp-block-kadence-advancedheading.kt-adv-heading968_58f4e4-2c[data-kb-block=\"kb-adv-heading968_58f4e4-2c\"] mark.kt-highlight{font-style:normal;color:#f76a0c;padding-top:0px;padding-right:0px;padding-bottom:0px;padding-left:0px;}<\/style>\n<h2 class=\"kt-adv-heading968_58f4e4-2c wp-block-kadence-advancedheading\" data-kb-block=\"kb-adv-heading968_58f4e4-2c\">Situaci\u00f3n de cumplimiento<\/h2>\n\n\n\n<p>Este sitio web es parcialmente conforme con el&nbsp;<a href=\"https:\/\/www.boe.es\/diario_boe\/txt.php?id=BOE-A-2018-12699\" target=\"_blank\" rel=\"noreferrer noopener\">RD 1112\/2018<\/a>&nbsp;debido a las excepciones y a la falta de conformidad de los aspectos que se indican en el siguiente punto.<\/p>\n\n\n<style>.wp-block-kadence-advancedheading.kt-adv-heading968_390069-24, .wp-block-kadence-advancedheading.kt-adv-heading968_390069-24[data-kb-block=\"kb-adv-heading968_390069-24\"]{font-size:var(--global-kb-font-size-lg, 2rem);font-style:normal;}.wp-block-kadence-advancedheading.kt-adv-heading968_390069-24 mark.kt-highlight, .wp-block-kadence-advancedheading.kt-adv-heading968_390069-24[data-kb-block=\"kb-adv-heading968_390069-24\"] mark.kt-highlight{font-style:normal;color:#f76a0c;padding-top:0px;padding-right:0px;padding-bottom:0px;padding-left:0px;}<\/style>\n<h2 class=\"kt-adv-heading968_390069-24 wp-block-kadence-advancedheading\" data-kb-block=\"kb-adv-heading968_390069-24\">Contenido no accesible<\/h2>\n\n\n\n<p>El contenido que se recoge a continuaci\u00f3n no es accesible por lo siguiente:<\/p>\n\n\n\n<h3 class=\"wp-block-heading\">Falta de conformidad con el RD 1112\/2018<\/h3>\n\n\n\n<p>Podr\u00edan existir errores de c\u00f3digo puntuales de edici\u00f3n en alguna p\u00e1gina web. [4.1.1 Procesamiento]<\/p>\n\n\n\n<h3 class=\"wp-block-heading\">Carga desproporcionada<\/h3>\n\n\n\n<p>No aplica.<\/p>\n\n\n\n<h3 class=\"wp-block-heading\">El contenido no entra dentro del \u00e1mbito de la legislaci\u00f3n aplicable<\/h3>\n\n\n\n<p>No aplica.<\/p>\n\n\n<style>.wp-block-kadence-advancedheading.kt-adv-heading968_89391f-4d, .wp-block-kadence-advancedheading.kt-adv-heading968_89391f-4d[data-kb-block=\"kb-adv-heading968_89391f-4d\"]{font-size:var(--global-kb-font-size-lg, 2rem);font-style:normal;}.wp-block-kadence-advancedheading.kt-adv-heading968_89391f-4d mark.kt-highlight, .wp-block-kadence-advancedheading.kt-adv-heading968_89391f-4d[data-kb-block=\"kb-adv-heading968_89391f-4d\"] mark.kt-highlight{font-style:normal;color:#f76a0c;padding-top:0px;padding-right:0px;padding-bottom:0px;padding-left:0px;}<\/style>\n<h2 class=\"kt-adv-heading968_89391f-4d wp-block-kadence-advancedheading\" data-kb-block=\"kb-adv-heading968_89391f-4d\">Preparaci\u00f3n para la siguiente declaraci\u00f3n de accesibilidad<\/h2>\n\n\n\n<p>La presente declaraci\u00f3n fue preparada el 28 de junio de 2021.<\/p>\n\n\n\n<p>El m\u00e9todo empleado para preparar la declaraci\u00f3n ha sido una autoevaluaci\u00f3n llevada a cabo por el propio organismo.<\/p>\n\n\n\n<p>Observaciones y datos de contacto<\/p>\n\n\n\n<p>Puede realizar comunicaciones sobre requisitos de accesibilidad (art\u00edculo 10.2.a del RD 1112\/2018) como, por ejemplo:<\/p>\n\n\n\n<ul class=\"wp-block-list\">\n<li>Informar sobre cualquier posible incumplimiento por parte de este sitio web<\/li>\n\n\n\n<li>Transmitir otras dificultades de acceso al contenido<\/li>\n\n\n\n<li>Formular cualquier otra consulta o sugerencia de mejora relativa a la accesibilidad del sitio web<\/li>\n<\/ul>\n\n\n\n<p>a trav\u00e9s del&nbsp;<a href=\"mailto:jsanchez@masqueenergia.es\">formulario de contacto<\/a>&nbsp;de este sitio web.<\/p>\n\n\n\n<p>Puede presentar:<\/p>\n\n\n\n<ul class=\"wp-block-list\">\n<li>Queja relativa al cumplimiento de los requisitos del RD 1112\/2018 o<\/li>\n\n\n\n<li>Solicitud de Informaci\u00f3n accesible relativa a:\n<ul class=\"wp-block-list\">\n<li>Contenidos que est\u00e1n excluidos del \u00e1mbito de aplicaci\u00f3n del RD 1112\/2018 seg\u00fan lo establecido por el art\u00edculo 3, apartado 4<\/li>\n\n\n\n<li>Contenidos que est\u00e1n exentos del cumplimiento de los requisitos de accesibilidad por imponer una carga desproporcionada<\/li>\n<\/ul>\n<\/li>\n<\/ul>\n\n\n\n<p>En la Solicitud de informaci\u00f3n accesible, se debe concretar, con toda claridad, los hechos, razones y petici\u00f3n que permitan constatar que se trata de una solicitud razonable y leg\u00edtima.<\/p>\n\n\n<style>.wp-block-kadence-advancedheading.kt-adv-heading968_9cf1fd-c5, .wp-block-kadence-advancedheading.kt-adv-heading968_9cf1fd-c5[data-kb-block=\"kb-adv-heading968_9cf1fd-c5\"]{font-size:var(--global-kb-font-size-lg, 2rem);font-style:normal;}.wp-block-kadence-advancedheading.kt-adv-heading968_9cf1fd-c5 mark.kt-highlight, .wp-block-kadence-advancedheading.kt-adv-heading968_9cf1fd-c5[data-kb-block=\"kb-adv-heading968_9cf1fd-c5\"] mark.kt-highlight{font-style:normal;color:#f76a0c;padding-top:0px;padding-right:0px;padding-bottom:0px;padding-left:0px;}<\/style>\n<h2 class=\"kt-adv-heading968_9cf1fd-c5 wp-block-kadence-advancedheading\" data-kb-block=\"kb-adv-heading968_9cf1fd-c5\">Contenido opcional<\/h2>\n\n\n\n<p>Este portal est\u00e1 dise\u00f1ado para poder cambiar el tama\u00f1o del texto y el color, as\u00ed como el fondo de la p\u00e1gina mediante las opciones de configuraci\u00f3n est\u00e1ndar de los navegadores.<\/p>\n\n\n\n<p>Si desea cambiar el tama\u00f1o de letra del texto en los principales navegadores gr\u00e1ficos utilice los siguientes men\u00fas:<\/p>\n\n\n\n<ul class=\"wp-block-list\">\n<li>Internet Explorer, Mozilla y Firefox: Ver &gt; Tama\u00f1o del texto<\/li>\n\n\n\n<li>Opera: Ver &gt; Zoom<\/li>\n\n\n\n<li>Safari: Ver &gt; Hacer el texto m\u00e1s grande<\/li>\n\n\n\n<li>Chrome: Controla la p\u00e1gina actual &gt; Tama\u00f1o del texto<\/li>\n\n\n\n<li>Para modificar el tama\u00f1o de todo en la p\u00e1gina:\n<ul class=\"wp-block-list\">\n<li>Ctrl + + para aumentarlo<\/li>\n\n\n\n<li>Ctrl + \u2013 para disminuirlo<\/li>\n\n\n\n<li>Ctrl + 0 restaura el tama\u00f1o original del texto<\/li>\n\n\n\n<li>Si lo que quiere es anular la hoja de estilos o modificar el color del texto, puede consultar la p\u00e1gina&nbsp;How to Change Text Size or Colors de la WAI, que se puede leer traducida al espa\u00f1ol en \u00bfC\u00f3mo cambiar el tama\u00f1o del texto o colores?<\/li>\n<\/ul>\n<\/li>\n<\/ul>\n<\/div><\/div>\n\n<\/div><\/div>","protected":false},"excerpt":{"rendered":"<p>La declaraci\u00f3n de accesibilidad es el apartado de un sitio web donde se indica el nivel de accesibilidad del mismo e informaci\u00f3n adicional al respecto.La presente declaraci\u00f3n de accesibilidad se aplica al sitio web https:\/\/charter.yachtpointbcn.com\/: Situaci\u00f3n de cumplimiento Este sitio web es parcialmente conforme con el&nbsp;RD 1112\/2018&nbsp;debido a las excepciones y a la falta de&#8230;<\/p>\n","protected":false},"author":1,"featured_media":0,"parent":0,"menu_order":0,"comment_status":"closed","ping_status":"closed","template":"","meta":{"_acf_changed":false,"_seopress_robots_primary_cat":"","_seopress_titles_title":"","_seopress_titles_desc":"","_seopress_robots_index":"","_kad_blocks_custom_css":"","_kad_blocks_head_custom_js":"","_kad_blocks_body_custom_js":"","_kad_blocks_footer_custom_js":"","_kad_post_transparent":"","_kad_post_title":"","_kad_post_layout":"","_kad_post_sidebar_id":"","_kad_post_content_style":"","_kad_post_vertical_padding":"","_kad_post_feature":"","_kad_post_feature_position":"","_kad_post_header":false,"_kad_post_footer":false,"footnotes":""},"class_list":["post-968","page","type-page","status-publish","hentry"],"acf":[],"taxonomy_info":[],"featured_image_src_large":false,"author_info":{"display_name":"Yacht Point","author_link":"https:\/\/charter.yachtpointbcn.com\/en\/author\/jordi\/"},"comment_info":0,"_links":{"self":[{"href":"https:\/\/charter.yachtpointbcn.com\/en\/wp-json\/wp\/v2\/pages\/968"}],"collection":[{"href":"https:\/\/charter.yachtpointbcn.com\/en\/wp-json\/wp\/v2\/pages"}],"about":[{"href":"https:\/\/charter.yachtpointbcn.com\/en\/wp-json\/wp\/v2\/types\/page"}],"author":[{"embeddable":true,"href":"https:\/\/charter.yachtpointbcn.com\/en\/wp-json\/wp\/v2\/users\/1"}],"replies":[{"embeddable":true,"href":"https:\/\/charter.yachtpointbcn.com\/en\/wp-json\/wp\/v2\/comments?post=968"}],"version-history":[{"count":1,"href":"https:\/\/charter.yachtpointbcn.com\/en\/wp-json\/wp\/v2\/pages\/968\/revisions"}],"predecessor-version":[{"id":974,"href":"https:\/\/charter.yachtpointbcn.com\/en\/wp-json\/wp\/v2\/pages\/968\/revisions\/974"}],"wp:attachment":[{"href":"https:\/\/charter.yachtpointbcn.com\/en\/wp-json\/wp\/v2\/media?parent=968"}],"curies":[{"name":"wp","href":"https:\/\/api.w.org\/{rel}","templated":true}]}}