{"id":918,"date":"2023-05-30T13:43:49","date_gmt":"2023-05-30T11:43:49","guid":{"rendered":"https:\/\/charter.mmkt.dev\/?page_id=918"},"modified":"2023-10-18T12:59:01","modified_gmt":"2023-10-18T10:59:01","slug":"qui-som-escola-nautica-barcelona","status":"publish","type":"page","link":"https:\/\/charter.yachtpointbcn.com\/ca\/qui-som-escola-nautica-barcelona\/","title":{"rendered":"Qui som"},"content":{"rendered":"<style>.kb-row-layout-id918_a8b10b-73 > .kt-row-column-wrap{align-content:start;}:where(.kb-row-layout-id918_a8b10b-73 > .kt-row-column-wrap) > .wp-block-kadence-column{justify-content:start;}.kb-row-layout-id918_a8b10b-73 > .kt-row-column-wrap{column-gap:var(--global-kb-gap-md, 2rem);row-gap:var(--global-kb-gap-md, 2rem);padding-top:0px;padding-bottom:var(--global-kb-spacing-xl, 4rem);grid-template-columns:minmax(0, 1fr);}.kb-row-layout-id918_a8b10b-73 > .kt-row-layout-overlay{opacity:0.30;}@media all and (max-width: 1024px){.kb-row-layout-id918_a8b10b-73 > .kt-row-column-wrap{grid-template-columns:minmax(0, 1fr);}}@media all and (max-width: 767px){.kb-row-layout-id918_a8b10b-73 > .kt-row-column-wrap{grid-template-columns:minmax(0, 1fr);}}<\/style><div class=\"kb-row-layout-wrap kb-row-layout-id918_a8b10b-73 alignnone wp-block-kadence-rowlayout\"><div class=\"kt-row-column-wrap kt-has-1-columns kt-row-layout-equal kt-tab-layout-inherit kt-mobile-layout-row kt-row-valign-top\">\n<style>.kadence-column918_c4574e-fe > .kt-inside-inner-col,.kadence-column918_c4574e-fe > .kt-inside-inner-col:before{border-top-left-radius:0px;border-top-right-radius:0px;border-bottom-right-radius:0px;border-bottom-left-radius:0px;}.kadence-column918_c4574e-fe > .kt-inside-inner-col{column-gap:var(--global-kb-gap-sm, 1rem);}.kadence-column918_c4574e-fe > .kt-inside-inner-col{flex-direction:column;}.kadence-column918_c4574e-fe > .kt-inside-inner-col > .aligncenter{width:100%;}.kadence-column918_c4574e-fe > .kt-inside-inner-col:before{opacity:0.3;}.kadence-column918_c4574e-fe{position:relative;}@media all and (max-width: 1024px){.kadence-column918_c4574e-fe > .kt-inside-inner-col{flex-direction:column;}}@media all and (max-width: 767px){.kadence-column918_c4574e-fe > .kt-inside-inner-col{flex-direction:column;}}<\/style>\n<div class=\"wp-block-kadence-column kadence-column918_c4574e-fe\"><div class=\"kt-inside-inner-col\"><style>.kb-image918_925a66-b4 .kb-image-has-overlay:after{opacity:0.3;}<\/style>\n<figure class=\"wp-block-kadence-image kb-image918_925a66-b4 size-full images-horizontal\"><img loading=\"lazy\" decoding=\"async\" width=\"1920\" height=\"700\" src=\"https:\/\/charter.yachtpointbcn.com\/wp-content\/uploads\/2023\/05\/quienes-somos.jpg\" alt=\"\" class=\"kb-img wp-image-116\" srcset=\"https:\/\/charter.yachtpointbcn.com\/wp-content\/uploads\/2023\/05\/quienes-somos.jpg 1920w, https:\/\/charter.yachtpointbcn.com\/wp-content\/uploads\/2023\/05\/quienes-somos-300x109.jpg 300w, https:\/\/charter.yachtpointbcn.com\/wp-content\/uploads\/2023\/05\/quienes-somos-1024x373.jpg 1024w, https:\/\/charter.yachtpointbcn.com\/wp-content\/uploads\/2023\/05\/quienes-somos-768x280.jpg 768w, https:\/\/charter.yachtpointbcn.com\/wp-content\/uploads\/2023\/05\/quienes-somos-1536x560.jpg 1536w\" sizes=\"(max-width: 1920px) 100vw, 1920px\" \/><\/figure>\n\n\n<style>.kb-row-layout-id918_b60f6d-2e > .kt-row-column-wrap{align-content:start;}:where(.kb-row-layout-id918_b60f6d-2e > .kt-row-column-wrap) > .wp-block-kadence-column{justify-content:start;}.kb-row-layout-id918_b60f6d-2e > .kt-row-column-wrap{column-gap:var(--global-kb-gap-md, 2rem);row-gap:var(--global-kb-gap-md, 2rem);max-width:900px;margin-left:auto;margin-right:auto;padding-top:var(--global-kb-spacing-xs, 1rem);padding-bottom:0px;grid-template-columns:minmax(0, 1fr);}.kb-row-layout-id918_b60f6d-2e > .kt-row-layout-overlay{opacity:0.30;}@media all and (max-width: 1024px){.kb-row-layout-id918_b60f6d-2e > .kt-row-column-wrap{grid-template-columns:minmax(0, 1fr);}}@media all and (max-width: 767px){.kb-row-layout-id918_b60f6d-2e > .kt-row-column-wrap{grid-template-columns:minmax(0, 1fr);}}<\/style><div class=\"kb-row-layout-wrap kb-row-layout-id918_b60f6d-2e alignnone wp-block-kadence-rowlayout\"><div class=\"kt-row-column-wrap kt-has-1-columns kt-row-layout-equal kt-tab-layout-inherit kt-mobile-layout-row kt-row-valign-top\">\n<style>.kadence-column918_cbcc53-e8 > .kt-inside-inner-col,.kadence-column918_cbcc53-e8 > .kt-inside-inner-col:before{border-top-left-radius:0px;border-top-right-radius:0px;border-bottom-right-radius:0px;border-bottom-left-radius:0px;}.kadence-column918_cbcc53-e8 > .kt-inside-inner-col{column-gap:var(--global-kb-gap-sm, 1rem);}.kadence-column918_cbcc53-e8 > .kt-inside-inner-col{flex-direction:column;}.kadence-column918_cbcc53-e8 > .kt-inside-inner-col > .aligncenter{width:100%;}.kadence-column918_cbcc53-e8 > .kt-inside-inner-col:before{opacity:0.3;}.kadence-column918_cbcc53-e8{position:relative;}@media all and (max-width: 1024px){.kadence-column918_cbcc53-e8 > .kt-inside-inner-col{flex-direction:column;}}@media all and (max-width: 767px){.kadence-column918_cbcc53-e8 > .kt-inside-inner-col{flex-direction:column;}}<\/style>\n<div class=\"wp-block-kadence-column kadence-column918_cbcc53-e8\"><div class=\"kt-inside-inner-col\">\n<p class=\"has-text-align-center\">Ubicada al carrer Balmes, Yacht Point \u00e9s una escola n\u00e0utica al centre de Barcelona.<\/p>\n\n\n\n<p class=\"has-text-align-center\">Gr\u00e0cies als nostres <strong>m\u00e9s de 25 anys d\u2019experi\u00e8ncia<\/strong>, el nostre m\u00e8tode educatiu i tenir els millors professionals del sector, podem garantitzar que els nostres alumnes adquireixen els coneixements necessaris per a cada titulaci\u00f3 n\u00e0utica de la millor manera.<\/p>\n\n\n\n<p class=\"has-text-align-center\">Oferim <strong>el millor assessorament<\/strong>, guiant a cada alumne amb el curs que millor s\u2019adapta a les seves necessitats. Som l\u2019\u00fanica escola homologada de cursos d\u2019esbarjo, professionals i de titulacions de la RYA i per aix\u00f2 tenim la millor opci\u00f3 per a tu. <\/p>\n\n\n\n<p class=\"has-text-align-center\">Impartim classes te\u00f2riques i pr\u00e0ctiques per a obtenir titulacions n\u00e0utiques oficials per vela o motor. <\/p>\n\n\n\n<p class=\"has-text-align-center\">Apart de tot, ens dediquem al charter, <strong>el lloguer d&#8217;embarcacions mar\u00edtimes<\/strong>.<\/p>\n<\/div><\/div>\n\n<\/div><\/div><\/div><\/div>\n\n<\/div><\/div>","protected":false},"excerpt":{"rendered":"<p>Ubicada al carrer Balmes, Yacht Point \u00e9s una escola n\u00e0utica al centre de Barcelona. Gr\u00e0cies als nostres m\u00e9s de 25 anys d\u2019experi\u00e8ncia, el nostre m\u00e8tode educatiu i tenir els millors professionals del sector, podem garantitzar que els nostres alumnes adquireixen els coneixements necessaris per a cada titulaci\u00f3 n\u00e0utica de la millor manera. Oferim el millor&#8230;<\/p>\n","protected":false},"author":1,"featured_media":0,"parent":0,"menu_order":0,"comment_status":"closed","ping_status":"closed","template":"","meta":{"_acf_changed":false,"_seopress_robots_primary_cat":"","_seopress_titles_title":"Escoles N\u00e0utiques a Barcelona | Con\u00f3cenos \u2013 Charter Yacht Point","_seopress_titles_desc":"\u00danete a la nostra comunitat i converteix-te en un expert del mar. Descobreix m\u00e9s sobre nosaltres!","_seopress_robots_index":"","_kad_blocks_custom_css":"","_kad_blocks_head_custom_js":"","_kad_blocks_body_custom_js":"","_kad_blocks_footer_custom_js":"","_kad_post_transparent":"","_kad_post_title":"","_kad_post_layout":"","_kad_post_sidebar_id":"","_kad_post_content_style":"","_kad_post_vertical_padding":"","_kad_post_feature":"","_kad_post_feature_position":"","_kad_post_header":false,"_kad_post_footer":false,"footnotes":""},"class_list":["post-918","page","type-page","status-publish","hentry"],"acf":[],"taxonomy_info":[],"featured_image_src_large":false,"author_info":{"display_name":"Yacht Point","author_link":"https:\/\/charter.yachtpointbcn.com\/ca\/author\/jordi\/"},"comment_info":0,"_links":{"self":[{"href":"https:\/\/charter.yachtpointbcn.com\/ca\/wp-json\/wp\/v2\/pages\/918"}],"collection":[{"href":"https:\/\/charter.yachtpointbcn.com\/ca\/wp-json\/wp\/v2\/pages"}],"about":[{"href":"https:\/\/charter.yachtpointbcn.com\/ca\/wp-json\/wp\/v2\/types\/page"}],"author":[{"embeddable":true,"href":"https:\/\/charter.yachtpointbcn.com\/ca\/wp-json\/wp\/v2\/users\/1"}],"replies":[{"embeddable":true,"href":"https:\/\/charter.yachtpointbcn.com\/ca\/wp-json\/wp\/v2\/comments?post=918"}],"version-history":[{"count":3,"href":"https:\/\/charter.yachtpointbcn.com\/ca\/wp-json\/wp\/v2\/pages\/918\/revisions"}],"predecessor-version":[{"id":1290,"href":"https:\/\/charter.yachtpointbcn.com\/ca\/wp-json\/wp\/v2\/pages\/918\/revisions\/1290"}],"wp:attachment":[{"href":"https:\/\/charter.yachtpointbcn.com\/ca\/wp-json\/wp\/v2\/media?parent=918"}],"curies":[{"name":"wp","href":"https:\/\/api.w.org\/{rel}","templated":true}]}}